{"id":2965,"date":"2021-01-28T20:26:37","date_gmt":"2021-01-28T19:26:37","guid":{"rendered":"http:\/\/serwer65852.lh.pl\/wordnaprawaiphone.pl\/?page_id=2965"},"modified":"2021-01-28T20:26:37","modified_gmt":"2021-01-28T19:26:37","slug":"blog-2","status":"publish","type":"page","link":"https:\/\/naprawaiphone.pl\/index.php\/blog-2\/","title":{"rendered":"Blog"},"content":{"rendered":"<p>[vc_row][vc_column][fr_heading text=&#8221;Ostatnie wpisy&#8221; tag=&#8221;h1&#8243; font_size=&#8221;54px&#8221; font_size_md=&#8221;54pxx&#8221; font_size_sm=&#8221;40px&#8221; font_size_xs=&#8221;40px&#8221; font_weight=&#8221;400&#8243; letter_spacing=&#8221;-.016em&#8221; margin_top=&#8221;9px&#8221; margin_bottom=&#8221;36px&#8221;][\/vc_column][\/vc_row][vc_row][vc_column][fr_blog_grid limit=&#8221;8&#8243; col_xs=&#8221;1&#8243; col_sm=&#8221;2&#8243; col_md=&#8221;2&#8243; col_lg=&#8221;2&#8243;][\/vc_column][\/vc_row]<\/p>\n","protected":false},"excerpt":{"rendered":"<p>[vc_row][vc_column][fr_heading text=&#8221;Ostatnie wpisy&#8221; tag=&#8221;h1&#8243; font_size=&#8221;54px&#8221; font_size_md=&#8221;54pxx&#8221; font_size_sm=&#8221;40px&#8221; font_size_xs=&#8221;40px&#8221; font_weight=&#8221;400&#8243; letter_spacing=&#8221;-.016em&#8221; margin_top=&#8221;9px&#8221; margin_bottom=&#8221;36px&#8221;][\/vc_column][\/vc_row][vc_row][vc_column][fr_blog_grid limit=&#8221;8&#8243; col_xs=&#8221;1&#8243; col_sm=&#8221;2&#8243; col_md=&#8221;2&#8243; col_lg=&#8221;2&#8243;][\/vc_column][\/vc_row]<\/p>\n","protected":false},"author":1,"featured_media":0,"parent":0,"menu_order":0,"comment_status":"closed","ping_status":"closed","template":"","meta":{"footnotes":""},"yoast_head":"<!-- This site is optimized with the Yoast SEO plugin v21.6 - https:\/\/yoast.com\/wordpress\/plugins\/seo\/ -->\n<title>Blog - Serwis i naprawa iPhone, iPad, iPod, Macbook<\/title>\n<meta name=\"robots\" content=\"index, follow, max-snippet:-1, max-image-preview:large, max-video-preview:-1\" \/>\n<link rel=\"canonical\" href=\"https:\/\/naprawaiphone.pl\/index.php\/blog-2\/\" \/>\n<meta property=\"og:locale\" content=\"pl_PL\" \/>\n<meta property=\"og:type\" content=\"article\" \/>\n<meta property=\"og:title\" content=\"Blog - Serwis i naprawa iPhone, iPad, iPod, Macbook\" \/>\n<meta property=\"og:description\" content=\"[vc_row][vc_column][fr_heading text=&#8221;Ostatnie wpisy&#8221; tag=&#8221;h1&#8243; font_size=&#8221;54px&#8221; font_size_md=&#8221;54pxx&#8221; font_size_sm=&#8221;40px&#8221; font_size_xs=&#8221;40px&#8221; font_weight=&#8221;400&#8243; letter_spacing=&#8221;-.016em&#8221; margin_top=&#8221;9px&#8221; margin_bottom=&#8221;36px&#8221;][\/vc_column][\/vc_row][vc_row][vc_column][fr_blog_grid limit=&#8221;8&#8243; col_xs=&#8221;1&#8243; col_sm=&#8221;2&#8243; col_md=&#8221;2&#8243; col_lg=&#8221;2&#8243;][\/vc_column][\/vc_row]\" \/>\n<meta property=\"og:url\" content=\"https:\/\/naprawaiphone.pl\/index.php\/blog-2\/\" \/>\n<meta property=\"og:site_name\" content=\"Serwis i naprawa iPhone, iPad, iPod, Macbook\" \/>\n<meta name=\"twitter:card\" content=\"summary_large_image\" \/>\n<script type=\"application\/ld+json\" class=\"yoast-schema-graph\">{\"@context\":\"https:\/\/schema.org\",\"@graph\":[{\"@type\":\"WebPage\",\"@id\":\"https:\/\/naprawaiphone.pl\/index.php\/blog-2\/\",\"url\":\"https:\/\/naprawaiphone.pl\/index.php\/blog-2\/\",\"name\":\"Blog - Serwis i naprawa iPhone, iPad, iPod, Macbook\",\"isPartOf\":{\"@id\":\"https:\/\/naprawaiphone.pl\/#website\"},\"datePublished\":\"2021-01-28T19:26:37+00:00\",\"dateModified\":\"2021-01-28T19:26:37+00:00\",\"breadcrumb\":{\"@id\":\"https:\/\/naprawaiphone.pl\/index.php\/blog-2\/#breadcrumb\"},\"inLanguage\":\"pl-PL\",\"potentialAction\":[{\"@type\":\"ReadAction\",\"target\":[\"https:\/\/naprawaiphone.pl\/index.php\/blog-2\/\"]}]},{\"@type\":\"BreadcrumbList\",\"@id\":\"https:\/\/naprawaiphone.pl\/index.php\/blog-2\/#breadcrumb\",\"itemListElement\":[{\"@type\":\"ListItem\",\"position\":1,\"name\":\"Strona g\u0142\u00f3wna\",\"item\":\"https:\/\/naprawaiphone.pl\/\"},{\"@type\":\"ListItem\",\"position\":2,\"name\":\"Blog\"}]},{\"@type\":\"WebSite\",\"@id\":\"https:\/\/naprawaiphone.pl\/#website\",\"url\":\"https:\/\/naprawaiphone.pl\/\",\"name\":\"Serwis i naprawa iPhone, iPad, iPod, Macbook\",\"description\":\"Profesjonalny serwis urz\u0105dze\u0144 Apple iPhone, iPad, iPod, Macbook. Odwied\u017a nas w Warszawie i skorzystaj z naprawy od r\u0119ki.\",\"publisher\":{\"@id\":\"https:\/\/naprawaiphone.pl\/#organization\"},\"potentialAction\":[{\"@type\":\"SearchAction\",\"target\":{\"@type\":\"EntryPoint\",\"urlTemplate\":\"https:\/\/naprawaiphone.pl\/?s={search_term_string}\"},\"query-input\":\"required name=search_term_string\"}],\"inLanguage\":\"pl-PL\"},{\"@type\":\"Organization\",\"@id\":\"https:\/\/naprawaiphone.pl\/#organization\",\"name\":\"Centrum Urz\u0105dze\u0144 Mobilnych\",\"url\":\"https:\/\/naprawaiphone.pl\/\",\"logo\":{\"@type\":\"ImageObject\",\"inLanguage\":\"pl-PL\",\"@id\":\"https:\/\/naprawaiphone.pl\/#\/schema\/logo\/image\/\",\"url\":\"https:\/\/naprawaiphone.pl\/wp-content\/uploads\/2020\/10\/Logo_Slawek_duze-removebg-preview.png\",\"contentUrl\":\"https:\/\/naprawaiphone.pl\/wp-content\/uploads\/2020\/10\/Logo_Slawek_duze-removebg-preview.png\",\"width\":495,\"height\":504,\"caption\":\"Centrum Urz\u0105dze\u0144 Mobilnych\"},\"image\":{\"@id\":\"https:\/\/naprawaiphone.pl\/#\/schema\/logo\/image\/\"}}]}<\/script>\n<!-- \/ Yoast SEO plugin. -->","yoast_head_json":{"title":"Blog - Serwis i naprawa iPhone, iPad, iPod, Macbook","robots":{"index":"index","follow":"follow","max-snippet":"max-snippet:-1","max-image-preview":"max-image-preview:large","max-video-preview":"max-video-preview:-1"},"canonical":"https:\/\/naprawaiphone.pl\/index.php\/blog-2\/","og_locale":"pl_PL","og_type":"article","og_title":"Blog - Serwis i naprawa iPhone, iPad, iPod, Macbook","og_description":"[vc_row][vc_column][fr_heading text=&#8221;Ostatnie wpisy&#8221; tag=&#8221;h1&#8243; font_size=&#8221;54px&#8221; font_size_md=&#8221;54pxx&#8221; font_size_sm=&#8221;40px&#8221; font_size_xs=&#8221;40px&#8221; font_weight=&#8221;400&#8243; letter_spacing=&#8221;-.016em&#8221; margin_top=&#8221;9px&#8221; margin_bottom=&#8221;36px&#8221;][\/vc_column][\/vc_row][vc_row][vc_column][fr_blog_grid limit=&#8221;8&#8243; col_xs=&#8221;1&#8243; col_sm=&#8221;2&#8243; col_md=&#8221;2&#8243; col_lg=&#8221;2&#8243;][\/vc_column][\/vc_row]","og_url":"https:\/\/naprawaiphone.pl\/index.php\/blog-2\/","og_site_name":"Serwis i naprawa iPhone, iPad, iPod, Macbook","twitter_card":"summary_large_image","schema":{"@context":"https:\/\/schema.org","@graph":[{"@type":"WebPage","@id":"https:\/\/naprawaiphone.pl\/index.php\/blog-2\/","url":"https:\/\/naprawaiphone.pl\/index.php\/blog-2\/","name":"Blog - Serwis i naprawa iPhone, iPad, iPod, Macbook","isPartOf":{"@id":"https:\/\/naprawaiphone.pl\/#website"},"datePublished":"2021-01-28T19:26:37+00:00","dateModified":"2021-01-28T19:26:37+00:00","breadcrumb":{"@id":"https:\/\/naprawaiphone.pl\/index.php\/blog-2\/#breadcrumb"},"inLanguage":"pl-PL","potentialAction":[{"@type":"ReadAction","target":["https:\/\/naprawaiphone.pl\/index.php\/blog-2\/"]}]},{"@type":"BreadcrumbList","@id":"https:\/\/naprawaiphone.pl\/index.php\/blog-2\/#breadcrumb","itemListElement":[{"@type":"ListItem","position":1,"name":"Strona g\u0142\u00f3wna","item":"https:\/\/naprawaiphone.pl\/"},{"@type":"ListItem","position":2,"name":"Blog"}]},{"@type":"WebSite","@id":"https:\/\/naprawaiphone.pl\/#website","url":"https:\/\/naprawaiphone.pl\/","name":"Serwis i naprawa iPhone, iPad, iPod, Macbook","description":"Profesjonalny serwis urz\u0105dze\u0144 Apple iPhone, iPad, iPod, Macbook. Odwied\u017a nas w Warszawie i skorzystaj z naprawy od r\u0119ki.","publisher":{"@id":"https:\/\/naprawaiphone.pl\/#organization"},"potentialAction":[{"@type":"SearchAction","target":{"@type":"EntryPoint","urlTemplate":"https:\/\/naprawaiphone.pl\/?s={search_term_string}"},"query-input":"required name=search_term_string"}],"inLanguage":"pl-PL"},{"@type":"Organization","@id":"https:\/\/naprawaiphone.pl\/#organization","name":"Centrum Urz\u0105dze\u0144 Mobilnych","url":"https:\/\/naprawaiphone.pl\/","logo":{"@type":"ImageObject","inLanguage":"pl-PL","@id":"https:\/\/naprawaiphone.pl\/#\/schema\/logo\/image\/","url":"https:\/\/naprawaiphone.pl\/wp-content\/uploads\/2020\/10\/Logo_Slawek_duze-removebg-preview.png","contentUrl":"https:\/\/naprawaiphone.pl\/wp-content\/uploads\/2020\/10\/Logo_Slawek_duze-removebg-preview.png","width":495,"height":504,"caption":"Centrum Urz\u0105dze\u0144 Mobilnych"},"image":{"@id":"https:\/\/naprawaiphone.pl\/#\/schema\/logo\/image\/"}}]}},"_links":{"self":[{"href":"https:\/\/naprawaiphone.pl\/index.php\/wp-json\/wp\/v2\/pages\/2965"}],"collection":[{"href":"https:\/\/naprawaiphone.pl\/index.php\/wp-json\/wp\/v2\/pages"}],"about":[{"href":"https:\/\/naprawaiphone.pl\/index.php\/wp-json\/wp\/v2\/types\/page"}],"author":[{"embeddable":true,"href":"https:\/\/naprawaiphone.pl\/index.php\/wp-json\/wp\/v2\/users\/1"}],"replies":[{"embeddable":true,"href":"https:\/\/naprawaiphone.pl\/index.php\/wp-json\/wp\/v2\/comments?post=2965"}],"version-history":[{"count":1,"href":"https:\/\/naprawaiphone.pl\/index.php\/wp-json\/wp\/v2\/pages\/2965\/revisions"}],"predecessor-version":[{"id":2966,"href":"https:\/\/naprawaiphone.pl\/index.php\/wp-json\/wp\/v2\/pages\/2965\/revisions\/2966"}],"wp:attachment":[{"href":"https:\/\/naprawaiphone.pl\/index.php\/wp-json\/wp\/v2\/media?parent=2965"}],"curies":[{"name":"wp","href":"https:\/\/api.w.org\/{rel}","templated":true}]}}