{"id":2953,"date":"2021-01-28T19:43:18","date_gmt":"2021-01-28T18:43:18","guid":{"rendered":"http:\/\/serwer65852.lh.pl\/wordnaprawaiphone.pl\/?page_id=2953"},"modified":"2021-01-28T20:30:47","modified_gmt":"2021-01-28T19:30:47","slug":"uslugi-serwisowe","status":"publish","type":"page","link":"https:\/\/naprawaiphone.pl\/index.php\/uslugi-serwisowe\/","title":{"rendered":"Us\u0142ugi serwisowe"},"content":{"rendered":"<p>[vc_row][vc_column][fr_service_grid cms_template=&#8221;fr_service_grid&#8211;layout1.php&#8221; order=&#8221;ASC&#8221; img_size=&#8221;full&#8221; col_xs=&#8221;1&#8243; col_sm=&#8221;2&#8243; col_md=&#8221;3&#8243; col_lg=&#8221;3&#8243;][\/vc_column][\/vc_row][vc_row css=&#8221;.vc_custom_1548313055543{margin-top: 53px !important;}&#8221;][vc_column][fr_call_to_action title=&#8221;Je\u015bli nie znalaz\u0142e\u015b pasuj\u0105cej oferty serwisowej?&#8221; text=&#8221;Zadzwo\u0144 i opisz usterk\u0119 Twojego telefonu?&#8221; button_text=&#8221;Zapytaj o napraw\u0119&#8221; button_link=&#8221;url:http%3A%2F%2F%3Ca%20href%3D%22tel%3A%2B48536755611%22%3E536-755-611%3C%2Fa%3E&#8221;][\/vc_column][\/vc_row]<\/p>\n","protected":false},"excerpt":{"rendered":"<p>[vc_row][vc_column][fr_service_grid cms_template=&#8221;fr_service_grid&#8211;layout1.php&#8221; order=&#8221;ASC&#8221; img_size=&#8221;full&#8221; col_xs=&#8221;1&#8243; col_sm=&#8221;2&#8243; col_md=&#8221;3&#8243; col_lg=&#8221;3&#8243;][\/vc_column][\/vc_row][vc_row css=&#8221;.vc_custom_1548313055543{margin-top: 53px !important;}&#8221;][vc_column][fr_call_to_action title=&#8221;Je\u015bli nie znalaz\u0142e\u015b pasuj\u0105cej oferty serwisowej?&#8221; text=&#8221;Zadzwo\u0144 i opisz usterk\u0119 Twojego telefonu?&#8221; button_text=&#8221;Zapytaj o napraw\u0119&#8221; button_link=&#8221;url:http%3A%2F%2F%3Ca%20href%3D%22tel%3A%2B48536755611%22%3E536-755-611%3C%2Fa%3E&#8221;][\/vc_column][\/vc_row]<\/p>\n","protected":false},"author":1,"featured_media":0,"parent":0,"menu_order":0,"comment_status":"closed","ping_status":"closed","template":"","meta":{"footnotes":""},"yoast_head":"<!-- This site is optimized with the Yoast SEO plugin v21.6 - https:\/\/yoast.com\/wordpress\/plugins\/seo\/ -->\n<title>Us\u0142ugi serwisowe - Serwis i naprawa iPhone, iPad, iPod, Macbook<\/title>\n<meta name=\"robots\" content=\"index, follow, max-snippet:-1, max-image-preview:large, max-video-preview:-1\" \/>\n<link rel=\"canonical\" href=\"https:\/\/naprawaiphone.pl\/index.php\/uslugi-serwisowe\/\" \/>\n<meta property=\"og:locale\" content=\"pl_PL\" \/>\n<meta property=\"og:type\" content=\"article\" \/>\n<meta property=\"og:title\" content=\"Us\u0142ugi serwisowe - Serwis i naprawa iPhone, iPad, iPod, Macbook\" \/>\n<meta property=\"og:description\" content=\"[vc_row][vc_column][fr_service_grid cms_template=&#8221;fr_service_grid&#8211;layout1.php&#8221; order=&#8221;ASC&#8221; img_size=&#8221;full&#8221; col_xs=&#8221;1&#8243; col_sm=&#8221;2&#8243; col_md=&#8221;3&#8243; col_lg=&#8221;3&#8243;][\/vc_column][\/vc_row][vc_row css=&#8221;.vc_custom_1548313055543{margin-top: 53px !important;}&#8221;][vc_column][fr_call_to_action title=&#8221;Je\u015bli nie znalaz\u0142e\u015b pasuj\u0105cej oferty serwisowej?&#8221; text=&#8221;Zadzwo\u0144 i opisz usterk\u0119 Twojego telefonu?&#8221; button_text=&#8221;Zapytaj o napraw\u0119&#8221; button_link=&#8221;url:http%3A%2F%2F%3Ca%20href%3D%22tel%3A%2B48536755611%22%3E536-755-611%3C%2Fa%3E&#8221;][\/vc_column][\/vc_row]\" \/>\n<meta property=\"og:url\" content=\"https:\/\/naprawaiphone.pl\/index.php\/uslugi-serwisowe\/\" \/>\n<meta property=\"og:site_name\" content=\"Serwis i naprawa iPhone, iPad, iPod, Macbook\" \/>\n<meta property=\"article:modified_time\" content=\"2021-01-28T19:30:47+00:00\" \/>\n<meta name=\"twitter:card\" content=\"summary_large_image\" \/>\n<script type=\"application\/ld+json\" class=\"yoast-schema-graph\">{\"@context\":\"https:\/\/schema.org\",\"@graph\":[{\"@type\":\"WebPage\",\"@id\":\"https:\/\/naprawaiphone.pl\/index.php\/uslugi-serwisowe\/\",\"url\":\"https:\/\/naprawaiphone.pl\/index.php\/uslugi-serwisowe\/\",\"name\":\"Us\u0142ugi serwisowe - Serwis i naprawa iPhone, iPad, iPod, Macbook\",\"isPartOf\":{\"@id\":\"https:\/\/naprawaiphone.pl\/#website\"},\"datePublished\":\"2021-01-28T18:43:18+00:00\",\"dateModified\":\"2021-01-28T19:30:47+00:00\",\"breadcrumb\":{\"@id\":\"https:\/\/naprawaiphone.pl\/index.php\/uslugi-serwisowe\/#breadcrumb\"},\"inLanguage\":\"pl-PL\",\"potentialAction\":[{\"@type\":\"ReadAction\",\"target\":[\"https:\/\/naprawaiphone.pl\/index.php\/uslugi-serwisowe\/\"]}]},{\"@type\":\"BreadcrumbList\",\"@id\":\"https:\/\/naprawaiphone.pl\/index.php\/uslugi-serwisowe\/#breadcrumb\",\"itemListElement\":[{\"@type\":\"ListItem\",\"position\":1,\"name\":\"Strona g\u0142\u00f3wna\",\"item\":\"https:\/\/naprawaiphone.pl\/\"},{\"@type\":\"ListItem\",\"position\":2,\"name\":\"Us\u0142ugi serwisowe\"}]},{\"@type\":\"WebSite\",\"@id\":\"https:\/\/naprawaiphone.pl\/#website\",\"url\":\"https:\/\/naprawaiphone.pl\/\",\"name\":\"Serwis i naprawa iPhone, iPad, iPod, Macbook\",\"description\":\"Profesjonalny serwis urz\u0105dze\u0144 Apple iPhone, iPad, iPod, Macbook. Odwied\u017a nas w Warszawie i skorzystaj z naprawy od r\u0119ki.\",\"publisher\":{\"@id\":\"https:\/\/naprawaiphone.pl\/#organization\"},\"potentialAction\":[{\"@type\":\"SearchAction\",\"target\":{\"@type\":\"EntryPoint\",\"urlTemplate\":\"https:\/\/naprawaiphone.pl\/?s={search_term_string}\"},\"query-input\":\"required name=search_term_string\"}],\"inLanguage\":\"pl-PL\"},{\"@type\":\"Organization\",\"@id\":\"https:\/\/naprawaiphone.pl\/#organization\",\"name\":\"Centrum Urz\u0105dze\u0144 Mobilnych\",\"url\":\"https:\/\/naprawaiphone.pl\/\",\"logo\":{\"@type\":\"ImageObject\",\"inLanguage\":\"pl-PL\",\"@id\":\"https:\/\/naprawaiphone.pl\/#\/schema\/logo\/image\/\",\"url\":\"https:\/\/naprawaiphone.pl\/wp-content\/uploads\/2020\/10\/Logo_Slawek_duze-removebg-preview.png\",\"contentUrl\":\"https:\/\/naprawaiphone.pl\/wp-content\/uploads\/2020\/10\/Logo_Slawek_duze-removebg-preview.png\",\"width\":495,\"height\":504,\"caption\":\"Centrum Urz\u0105dze\u0144 Mobilnych\"},\"image\":{\"@id\":\"https:\/\/naprawaiphone.pl\/#\/schema\/logo\/image\/\"}}]}<\/script>\n<!-- \/ Yoast SEO plugin. -->","yoast_head_json":{"title":"Us\u0142ugi serwisowe - Serwis i naprawa iPhone, iPad, iPod, Macbook","robots":{"index":"index","follow":"follow","max-snippet":"max-snippet:-1","max-image-preview":"max-image-preview:large","max-video-preview":"max-video-preview:-1"},"canonical":"https:\/\/naprawaiphone.pl\/index.php\/uslugi-serwisowe\/","og_locale":"pl_PL","og_type":"article","og_title":"Us\u0142ugi serwisowe - Serwis i naprawa iPhone, iPad, iPod, Macbook","og_description":"[vc_row][vc_column][fr_service_grid cms_template=&#8221;fr_service_grid&#8211;layout1.php&#8221; order=&#8221;ASC&#8221; img_size=&#8221;full&#8221; col_xs=&#8221;1&#8243; col_sm=&#8221;2&#8243; col_md=&#8221;3&#8243; col_lg=&#8221;3&#8243;][\/vc_column][\/vc_row][vc_row css=&#8221;.vc_custom_1548313055543{margin-top: 53px !important;}&#8221;][vc_column][fr_call_to_action title=&#8221;Je\u015bli nie znalaz\u0142e\u015b pasuj\u0105cej oferty serwisowej?&#8221; text=&#8221;Zadzwo\u0144 i opisz usterk\u0119 Twojego telefonu?&#8221; button_text=&#8221;Zapytaj o napraw\u0119&#8221; button_link=&#8221;url:http%3A%2F%2F%3Ca%20href%3D%22tel%3A%2B48536755611%22%3E536-755-611%3C%2Fa%3E&#8221;][\/vc_column][\/vc_row]","og_url":"https:\/\/naprawaiphone.pl\/index.php\/uslugi-serwisowe\/","og_site_name":"Serwis i naprawa iPhone, iPad, iPod, Macbook","article_modified_time":"2021-01-28T19:30:47+00:00","twitter_card":"summary_large_image","schema":{"@context":"https:\/\/schema.org","@graph":[{"@type":"WebPage","@id":"https:\/\/naprawaiphone.pl\/index.php\/uslugi-serwisowe\/","url":"https:\/\/naprawaiphone.pl\/index.php\/uslugi-serwisowe\/","name":"Us\u0142ugi serwisowe - Serwis i naprawa iPhone, iPad, iPod, Macbook","isPartOf":{"@id":"https:\/\/naprawaiphone.pl\/#website"},"datePublished":"2021-01-28T18:43:18+00:00","dateModified":"2021-01-28T19:30:47+00:00","breadcrumb":{"@id":"https:\/\/naprawaiphone.pl\/index.php\/uslugi-serwisowe\/#breadcrumb"},"inLanguage":"pl-PL","potentialAction":[{"@type":"ReadAction","target":["https:\/\/naprawaiphone.pl\/index.php\/uslugi-serwisowe\/"]}]},{"@type":"BreadcrumbList","@id":"https:\/\/naprawaiphone.pl\/index.php\/uslugi-serwisowe\/#breadcrumb","itemListElement":[{"@type":"ListItem","position":1,"name":"Strona g\u0142\u00f3wna","item":"https:\/\/naprawaiphone.pl\/"},{"@type":"ListItem","position":2,"name":"Us\u0142ugi serwisowe"}]},{"@type":"WebSite","@id":"https:\/\/naprawaiphone.pl\/#website","url":"https:\/\/naprawaiphone.pl\/","name":"Serwis i naprawa iPhone, iPad, iPod, Macbook","description":"Profesjonalny serwis urz\u0105dze\u0144 Apple iPhone, iPad, iPod, Macbook. Odwied\u017a nas w Warszawie i skorzystaj z naprawy od r\u0119ki.","publisher":{"@id":"https:\/\/naprawaiphone.pl\/#organization"},"potentialAction":[{"@type":"SearchAction","target":{"@type":"EntryPoint","urlTemplate":"https:\/\/naprawaiphone.pl\/?s={search_term_string}"},"query-input":"required name=search_term_string"}],"inLanguage":"pl-PL"},{"@type":"Organization","@id":"https:\/\/naprawaiphone.pl\/#organization","name":"Centrum Urz\u0105dze\u0144 Mobilnych","url":"https:\/\/naprawaiphone.pl\/","logo":{"@type":"ImageObject","inLanguage":"pl-PL","@id":"https:\/\/naprawaiphone.pl\/#\/schema\/logo\/image\/","url":"https:\/\/naprawaiphone.pl\/wp-content\/uploads\/2020\/10\/Logo_Slawek_duze-removebg-preview.png","contentUrl":"https:\/\/naprawaiphone.pl\/wp-content\/uploads\/2020\/10\/Logo_Slawek_duze-removebg-preview.png","width":495,"height":504,"caption":"Centrum Urz\u0105dze\u0144 Mobilnych"},"image":{"@id":"https:\/\/naprawaiphone.pl\/#\/schema\/logo\/image\/"}}]}},"_links":{"self":[{"href":"https:\/\/naprawaiphone.pl\/index.php\/wp-json\/wp\/v2\/pages\/2953"}],"collection":[{"href":"https:\/\/naprawaiphone.pl\/index.php\/wp-json\/wp\/v2\/pages"}],"about":[{"href":"https:\/\/naprawaiphone.pl\/index.php\/wp-json\/wp\/v2\/types\/page"}],"author":[{"embeddable":true,"href":"https:\/\/naprawaiphone.pl\/index.php\/wp-json\/wp\/v2\/users\/1"}],"replies":[{"embeddable":true,"href":"https:\/\/naprawaiphone.pl\/index.php\/wp-json\/wp\/v2\/comments?post=2953"}],"version-history":[{"count":6,"href":"https:\/\/naprawaiphone.pl\/index.php\/wp-json\/wp\/v2\/pages\/2953\/revisions"}],"predecessor-version":[{"id":2970,"href":"https:\/\/naprawaiphone.pl\/index.php\/wp-json\/wp\/v2\/pages\/2953\/revisions\/2970"}],"wp:attachment":[{"href":"https:\/\/naprawaiphone.pl\/index.php\/wp-json\/wp\/v2\/media?parent=2953"}],"curies":[{"name":"wp","href":"https:\/\/api.w.org\/{rel}","templated":true}]}}