{"id":2496,"date":"2021-01-10T22:58:47","date_gmt":"2021-01-10T21:58:47","guid":{"rendered":"http:\/\/serwer65852.lh.pl\/wordnaprawaiphone.pl\/?page_id=2496"},"modified":"2021-01-11T17:15:53","modified_gmt":"2021-01-11T16:15:53","slug":"modele-iphone","status":"publish","type":"page","link":"https:\/\/naprawaiphone.pl\/index.php\/modele-iphone\/","title":{"rendered":"modele iphone"},"content":{"rendered":"<p>[vc_row][vc_column][fr_heading text=&#8221;Wybierz model iPhone kt\u00f3ry chcesz naprawi\u0107?&#8221; align_lg=&#8221;align-center&#8221;][vc_empty_space][\/vc_column][\/vc_row][vc_row][vc_column][fr_device_type col_xs=&#8221;1&#8243; col_sm=&#8221;2&#8243; col_md=&#8221;3&#8243; col_lg=&#8221;3&#8243; items=&#8221;%5B%7B%22image%22%3A%222521%22%2C%22heading%22%3A%22iPhone%2012%20mini%22%7D%2C%7B%22image%22%3A%222522%22%2C%22heading%22%3A%22iPhone%2012%22%7D%2C%7B%22image%22%3A%222522%22%2C%22heading%22%3A%22iPhone%2012%20Max%22%7D%5D&#8221;][fr_device_type col_xs=&#8221;1&#8243; col_sm=&#8221;2&#8243; col_md=&#8221;3&#8243; col_lg=&#8221;3&#8243; items=&#8221;%5B%7B%22image%22%3A%221506%22%2C%22heading%22%3A%22iPhone%2011%22%7D%2C%7B%22image%22%3A%221506%22%2C%22heading%22%3A%22iPhone%2011%20Pro%22%7D%2C%7B%22image%22%3A%221506%22%2C%22heading%22%3A%22iPhone%2011%20Pro%20Max%22%7D%5D&#8221;][fr_device_type col_xs=&#8221;1&#8243; col_sm=&#8221;2&#8243; col_md=&#8221;3&#8243; col_lg=&#8221;3&#8243; items=&#8221;%5B%7B%22image%22%3A%221508%22%2C%22heading%22%3A%22iPhone%208%22%7D%2C%7B%22image%22%3A%221508%22%2C%22heading%22%3A%22iPhone%208%20Plus%22%7D%2C%7B%22image%22%3A%221508%22%2C%22heading%22%3A%22iPhone%20SE%202020%22%7D%5D&#8221;][fr_device_type col_xs=&#8221;1&#8243; col_sm=&#8221;2&#8243; col_md=&#8221;3&#8243; col_lg=&#8221;4&#8243; items=&#8221;%5B%7B%22image%22%3A%221509%22%2C%22heading%22%3A%22iPhone%207%22%7D%2C%7B%22image%22%3A%221509%22%2C%22heading%22%3A%22iPhone%207%20Plus%22%7D%2C%7B%22image%22%3A%221510%22%2C%22heading%22%3A%22iPhone%206s%22%7D%2C%7B%22image%22%3A%221509%22%2C%22heading%22%3A%22iPhone%206s%20Plus%22%7D%5D&#8221;][fr_device_type col_xs=&#8221;1&#8243; col_sm=&#8221;2&#8243; col_md=&#8221;3&#8243; col_lg=&#8221;4&#8243; items=&#8221;%5B%7B%22image%22%3A%221509%22%2C%22heading%22%3A%22iPhone%206%22%7D%2C%7B%22image%22%3A%221509%22%2C%22heading%22%3A%22iPhone%206%20Plus%22%7D%2C%7B%22image%22%3A%221510%22%2C%22heading%22%3A%22iPhone%206%22%7D%2C%7B%22image%22%3A%221510%22%2C%22heading%22%3A%22iPhone%206%20Plus%22%7D%5D&#8221;][fr_device_type col_xs=&#8221;1&#8243; col_sm=&#8221;2&#8243; col_md=&#8221;3&#8243; col_lg=&#8221;4&#8243; items=&#8221;%5B%7B%22image%22%3A%222546%22%2C%22heading%22%3A%22iPhone%20%205SE%22%7D%2C%7B%22image%22%3A%222546%22%2C%22heading%22%3A%22iPhone%20%205S%22%7D%2C%7B%22image%22%3A%222546%22%2C%22heading%22%3A%22iPhone%20%205C%22%7D%2C%7B%22image%22%3A%222546%22%2C%22heading%22%3A%22iPhone%20%205%22%7D%5D&#8221;][\/vc_column][\/vc_row]<\/p>\n","protected":false},"excerpt":{"rendered":"<p>[vc_row][vc_column][fr_heading text=&#8221;Wybierz model iPhone kt\u00f3ry chcesz naprawi\u0107?&#8221; align_lg=&#8221;align-center&#8221;][vc_empty_space][\/vc_column][\/vc_row][vc_row][vc_column][fr_device_type col_xs=&#8221;1&#8243; col_sm=&#8221;2&#8243; col_md=&#8221;3&#8243; col_lg=&#8221;3&#8243; items=&#8221;%5B%7B%22image%22%3A%222521%22%2C%22heading%22%3A%22iPhone%2012%20mini%22%7D%2C%7B%22image%22%3A%222522%22%2C%22heading%22%3A%22iPhone%2012%22%7D%2C%7B%22image%22%3A%222522%22%2C%22heading%22%3A%22iPhone%2012%20Max%22%7D%5D&#8221;][fr_device_type col_xs=&#8221;1&#8243; col_sm=&#8221;2&#8243; col_md=&#8221;3&#8243; col_lg=&#8221;3&#8243; items=&#8221;%5B%7B%22image%22%3A%221506%22%2C%22heading%22%3A%22iPhone%2011%22%7D%2C%7B%22image%22%3A%221506%22%2C%22heading%22%3A%22iPhone%2011%20Pro%22%7D%2C%7B%22image%22%3A%221506%22%2C%22heading%22%3A%22iPhone%2011%20Pro%20Max%22%7D%5D&#8221;][fr_device_type col_xs=&#8221;1&#8243; col_sm=&#8221;2&#8243; col_md=&#8221;3&#8243; col_lg=&#8221;3&#8243; items=&#8221;%5B%7B%22image%22%3A%221508%22%2C%22heading%22%3A%22iPhone%208%22%7D%2C%7B%22image%22%3A%221508%22%2C%22heading%22%3A%22iPhone%208%20Plus%22%7D%2C%7B%22image%22%3A%221508%22%2C%22heading%22%3A%22iPhone%20SE%202020%22%7D%5D&#8221;][fr_device_type col_xs=&#8221;1&#8243; col_sm=&#8221;2&#8243; col_md=&#8221;3&#8243; col_lg=&#8221;4&#8243; items=&#8221;%5B%7B%22image%22%3A%221509%22%2C%22heading%22%3A%22iPhone%207%22%7D%2C%7B%22image%22%3A%221509%22%2C%22heading%22%3A%22iPhone%207%20Plus%22%7D%2C%7B%22image%22%3A%221510%22%2C%22heading%22%3A%22iPhone%206s%22%7D%2C%7B%22image%22%3A%221509%22%2C%22heading%22%3A%22iPhone%206s%20Plus%22%7D%5D&#8221;][fr_device_type col_xs=&#8221;1&#8243; col_sm=&#8221;2&#8243; col_md=&#8221;3&#8243; col_lg=&#8221;4&#8243; items=&#8221;%5B%7B%22image%22%3A%221509%22%2C%22heading%22%3A%22iPhone%206%22%7D%2C%7B%22image%22%3A%221509%22%2C%22heading%22%3A%22iPhone%206%20Plus%22%7D%2C%7B%22image%22%3A%221510%22%2C%22heading%22%3A%22iPhone%206%22%7D%2C%7B%22image%22%3A%221510%22%2C%22heading%22%3A%22iPhone%206%20Plus%22%7D%5D&#8221;][fr_device_type col_xs=&#8221;1&#8243; col_sm=&#8221;2&#8243; col_md=&#8221;3&#8243; col_lg=&#8221;4&#8243; items=&#8221;%5B%7B%22image%22%3A%222546%22%2C%22heading%22%3A%22iPhone%20%205SE%22%7D%2C%7B%22image%22%3A%222546%22%2C%22heading%22%3A%22iPhone%20%205S%22%7D%2C%7B%22image%22%3A%222546%22%2C%22heading%22%3A%22iPhone%20%205C%22%7D%2C%7B%22image%22%3A%222546%22%2C%22heading%22%3A%22iPhone%20%205%22%7D%5D&#8221;][\/vc_column][\/vc_row]<\/p>\n","protected":false},"author":1,"featured_media":0,"parent":0,"menu_order":0,"comment_status":"closed","ping_status":"closed","template":"","meta":{"footnotes":""},"yoast_head":"<!-- This site is optimized with the Yoast SEO plugin v21.6 - https:\/\/yoast.com\/wordpress\/plugins\/seo\/ -->\n<title>modele iphone - Serwis i naprawa iPhone, iPad, iPod, Macbook<\/title>\n<meta name=\"robots\" content=\"index, follow, max-snippet:-1, max-image-preview:large, max-video-preview:-1\" \/>\n<link rel=\"canonical\" href=\"https:\/\/naprawaiphone.pl\/index.php\/modele-iphone\/\" \/>\n<meta property=\"og:locale\" content=\"pl_PL\" \/>\n<meta property=\"og:type\" content=\"article\" \/>\n<meta property=\"og:title\" content=\"modele iphone - Serwis i naprawa iPhone, iPad, iPod, Macbook\" \/>\n<meta property=\"og:description\" content=\"[vc_row][vc_column][fr_heading text=&#8221;Wybierz model iPhone kt\u00f3ry chcesz naprawi\u0107?&#8221; align_lg=&#8221;align-center&#8221;][vc_empty_space][\/vc_column][\/vc_row][vc_row][vc_column][fr_device_type col_xs=&#8221;1&#8243; col_sm=&#8221;2&#8243; col_md=&#8221;3&#8243; col_lg=&#8221;3&#8243; items=&#8221;%5B%7B%22image%22%3A%222521%22%2C%22heading%22%3A%22iPhone%2012%20mini%22%7D%2C%7B%22image%22%3A%222522%22%2C%22heading%22%3A%22iPhone%2012%22%7D%2C%7B%22image%22%3A%222522%22%2C%22heading%22%3A%22iPhone%2012%20Max%22%7D%5D&#8221;][fr_device_type col_xs=&#8221;1&#8243; col_sm=&#8221;2&#8243; col_md=&#8221;3&#8243; col_lg=&#8221;3&#8243; items=&#8221;%5B%7B%22image%22%3A%221506%22%2C%22heading%22%3A%22iPhone%2011%22%7D%2C%7B%22image%22%3A%221506%22%2C%22heading%22%3A%22iPhone%2011%20Pro%22%7D%2C%7B%22image%22%3A%221506%22%2C%22heading%22%3A%22iPhone%2011%20Pro%20Max%22%7D%5D&#8221;][fr_device_type col_xs=&#8221;1&#8243; col_sm=&#8221;2&#8243; col_md=&#8221;3&#8243; col_lg=&#8221;3&#8243; items=&#8221;%5B%7B%22image%22%3A%221508%22%2C%22heading%22%3A%22iPhone%208%22%7D%2C%7B%22image%22%3A%221508%22%2C%22heading%22%3A%22iPhone%208%20Plus%22%7D%2C%7B%22image%22%3A%221508%22%2C%22heading%22%3A%22iPhone%20SE%202020%22%7D%5D&#8221;][fr_device_type col_xs=&#8221;1&#8243; col_sm=&#8221;2&#8243; col_md=&#8221;3&#8243; col_lg=&#8221;4&#8243; items=&#8221;%5B%7B%22image%22%3A%221509%22%2C%22heading%22%3A%22iPhone%207%22%7D%2C%7B%22image%22%3A%221509%22%2C%22heading%22%3A%22iPhone%207%20Plus%22%7D%2C%7B%22image%22%3A%221510%22%2C%22heading%22%3A%22iPhone%206s%22%7D%2C%7B%22image%22%3A%221509%22%2C%22heading%22%3A%22iPhone%206s%20Plus%22%7D%5D&#8221;][fr_device_type col_xs=&#8221;1&#8243; col_sm=&#8221;2&#8243; col_md=&#8221;3&#8243; col_lg=&#8221;4&#8243; items=&#8221;%5B%7B%22image%22%3A%221509%22%2C%22heading%22%3A%22iPhone%206%22%7D%2C%7B%22image%22%3A%221509%22%2C%22heading%22%3A%22iPhone%206%20Plus%22%7D%2C%7B%22image%22%3A%221510%22%2C%22heading%22%3A%22iPhone%206%22%7D%2C%7B%22image%22%3A%221510%22%2C%22heading%22%3A%22iPhone%206%20Plus%22%7D%5D&#8221;][fr_device_type col_xs=&#8221;1&#8243; col_sm=&#8221;2&#8243; col_md=&#8221;3&#8243; col_lg=&#8221;4&#8243; items=&#8221;%5B%7B%22image%22%3A%222546%22%2C%22heading%22%3A%22iPhone%20%205SE%22%7D%2C%7B%22image%22%3A%222546%22%2C%22heading%22%3A%22iPhone%20%205S%22%7D%2C%7B%22image%22%3A%222546%22%2C%22heading%22%3A%22iPhone%20%205C%22%7D%2C%7B%22image%22%3A%222546%22%2C%22heading%22%3A%22iPhone%20%205%22%7D%5D&#8221;][\/vc_column][\/vc_row]\" \/>\n<meta property=\"og:url\" content=\"https:\/\/naprawaiphone.pl\/index.php\/modele-iphone\/\" \/>\n<meta property=\"og:site_name\" content=\"Serwis i naprawa iPhone, iPad, iPod, Macbook\" \/>\n<meta property=\"article:modified_time\" content=\"2021-01-11T16:15:53+00:00\" \/>\n<meta name=\"twitter:card\" content=\"summary_large_image\" \/>\n<meta name=\"twitter:label1\" content=\"Szacowany czas czytania\" \/>\n\t<meta name=\"twitter:data1\" content=\"2 minuty\" \/>\n<script type=\"application\/ld+json\" class=\"yoast-schema-graph\">{\"@context\":\"https:\/\/schema.org\",\"@graph\":[{\"@type\":\"WebPage\",\"@id\":\"https:\/\/naprawaiphone.pl\/index.php\/modele-iphone\/\",\"url\":\"https:\/\/naprawaiphone.pl\/index.php\/modele-iphone\/\",\"name\":\"modele iphone - Serwis i naprawa iPhone, iPad, iPod, Macbook\",\"isPartOf\":{\"@id\":\"https:\/\/naprawaiphone.pl\/#website\"},\"datePublished\":\"2021-01-10T21:58:47+00:00\",\"dateModified\":\"2021-01-11T16:15:53+00:00\",\"breadcrumb\":{\"@id\":\"https:\/\/naprawaiphone.pl\/index.php\/modele-iphone\/#breadcrumb\"},\"inLanguage\":\"pl-PL\",\"potentialAction\":[{\"@type\":\"ReadAction\",\"target\":[\"https:\/\/naprawaiphone.pl\/index.php\/modele-iphone\/\"]}]},{\"@type\":\"BreadcrumbList\",\"@id\":\"https:\/\/naprawaiphone.pl\/index.php\/modele-iphone\/#breadcrumb\",\"itemListElement\":[{\"@type\":\"ListItem\",\"position\":1,\"name\":\"Strona g\u0142\u00f3wna\",\"item\":\"https:\/\/naprawaiphone.pl\/\"},{\"@type\":\"ListItem\",\"position\":2,\"name\":\"modele iphone\"}]},{\"@type\":\"WebSite\",\"@id\":\"https:\/\/naprawaiphone.pl\/#website\",\"url\":\"https:\/\/naprawaiphone.pl\/\",\"name\":\"Serwis i naprawa iPhone, iPad, iPod, Macbook\",\"description\":\"Profesjonalny serwis urz\u0105dze\u0144 Apple iPhone, iPad, iPod, Macbook. Odwied\u017a nas w Warszawie i skorzystaj z naprawy od r\u0119ki.\",\"publisher\":{\"@id\":\"https:\/\/naprawaiphone.pl\/#organization\"},\"potentialAction\":[{\"@type\":\"SearchAction\",\"target\":{\"@type\":\"EntryPoint\",\"urlTemplate\":\"https:\/\/naprawaiphone.pl\/?s={search_term_string}\"},\"query-input\":\"required name=search_term_string\"}],\"inLanguage\":\"pl-PL\"},{\"@type\":\"Organization\",\"@id\":\"https:\/\/naprawaiphone.pl\/#organization\",\"name\":\"Centrum Urz\u0105dze\u0144 Mobilnych\",\"url\":\"https:\/\/naprawaiphone.pl\/\",\"logo\":{\"@type\":\"ImageObject\",\"inLanguage\":\"pl-PL\",\"@id\":\"https:\/\/naprawaiphone.pl\/#\/schema\/logo\/image\/\",\"url\":\"https:\/\/naprawaiphone.pl\/wp-content\/uploads\/2020\/10\/Logo_Slawek_duze-removebg-preview.png\",\"contentUrl\":\"https:\/\/naprawaiphone.pl\/wp-content\/uploads\/2020\/10\/Logo_Slawek_duze-removebg-preview.png\",\"width\":495,\"height\":504,\"caption\":\"Centrum Urz\u0105dze\u0144 Mobilnych\"},\"image\":{\"@id\":\"https:\/\/naprawaiphone.pl\/#\/schema\/logo\/image\/\"}}]}<\/script>\n<!-- \/ Yoast SEO plugin. -->","yoast_head_json":{"title":"modele iphone - Serwis i naprawa iPhone, iPad, iPod, Macbook","robots":{"index":"index","follow":"follow","max-snippet":"max-snippet:-1","max-image-preview":"max-image-preview:large","max-video-preview":"max-video-preview:-1"},"canonical":"https:\/\/naprawaiphone.pl\/index.php\/modele-iphone\/","og_locale":"pl_PL","og_type":"article","og_title":"modele iphone - Serwis i naprawa iPhone, iPad, iPod, Macbook","og_description":"[vc_row][vc_column][fr_heading text=&#8221;Wybierz model iPhone kt\u00f3ry chcesz naprawi\u0107?&#8221; align_lg=&#8221;align-center&#8221;][vc_empty_space][\/vc_column][\/vc_row][vc_row][vc_column][fr_device_type col_xs=&#8221;1&#8243; col_sm=&#8221;2&#8243; col_md=&#8221;3&#8243; col_lg=&#8221;3&#8243; items=&#8221;%5B%7B%22image%22%3A%222521%22%2C%22heading%22%3A%22iPhone%2012%20mini%22%7D%2C%7B%22image%22%3A%222522%22%2C%22heading%22%3A%22iPhone%2012%22%7D%2C%7B%22image%22%3A%222522%22%2C%22heading%22%3A%22iPhone%2012%20Max%22%7D%5D&#8221;][fr_device_type col_xs=&#8221;1&#8243; col_sm=&#8221;2&#8243; col_md=&#8221;3&#8243; col_lg=&#8221;3&#8243; items=&#8221;%5B%7B%22image%22%3A%221506%22%2C%22heading%22%3A%22iPhone%2011%22%7D%2C%7B%22image%22%3A%221506%22%2C%22heading%22%3A%22iPhone%2011%20Pro%22%7D%2C%7B%22image%22%3A%221506%22%2C%22heading%22%3A%22iPhone%2011%20Pro%20Max%22%7D%5D&#8221;][fr_device_type col_xs=&#8221;1&#8243; col_sm=&#8221;2&#8243; col_md=&#8221;3&#8243; col_lg=&#8221;3&#8243; items=&#8221;%5B%7B%22image%22%3A%221508%22%2C%22heading%22%3A%22iPhone%208%22%7D%2C%7B%22image%22%3A%221508%22%2C%22heading%22%3A%22iPhone%208%20Plus%22%7D%2C%7B%22image%22%3A%221508%22%2C%22heading%22%3A%22iPhone%20SE%202020%22%7D%5D&#8221;][fr_device_type col_xs=&#8221;1&#8243; col_sm=&#8221;2&#8243; col_md=&#8221;3&#8243; col_lg=&#8221;4&#8243; items=&#8221;%5B%7B%22image%22%3A%221509%22%2C%22heading%22%3A%22iPhone%207%22%7D%2C%7B%22image%22%3A%221509%22%2C%22heading%22%3A%22iPhone%207%20Plus%22%7D%2C%7B%22image%22%3A%221510%22%2C%22heading%22%3A%22iPhone%206s%22%7D%2C%7B%22image%22%3A%221509%22%2C%22heading%22%3A%22iPhone%206s%20Plus%22%7D%5D&#8221;][fr_device_type col_xs=&#8221;1&#8243; col_sm=&#8221;2&#8243; col_md=&#8221;3&#8243; col_lg=&#8221;4&#8243; items=&#8221;%5B%7B%22image%22%3A%221509%22%2C%22heading%22%3A%22iPhone%206%22%7D%2C%7B%22image%22%3A%221509%22%2C%22heading%22%3A%22iPhone%206%20Plus%22%7D%2C%7B%22image%22%3A%221510%22%2C%22heading%22%3A%22iPhone%206%22%7D%2C%7B%22image%22%3A%221510%22%2C%22heading%22%3A%22iPhone%206%20Plus%22%7D%5D&#8221;][fr_device_type col_xs=&#8221;1&#8243; col_sm=&#8221;2&#8243; col_md=&#8221;3&#8243; col_lg=&#8221;4&#8243; items=&#8221;%5B%7B%22image%22%3A%222546%22%2C%22heading%22%3A%22iPhone%20%205SE%22%7D%2C%7B%22image%22%3A%222546%22%2C%22heading%22%3A%22iPhone%20%205S%22%7D%2C%7B%22image%22%3A%222546%22%2C%22heading%22%3A%22iPhone%20%205C%22%7D%2C%7B%22image%22%3A%222546%22%2C%22heading%22%3A%22iPhone%20%205%22%7D%5D&#8221;][\/vc_column][\/vc_row]","og_url":"https:\/\/naprawaiphone.pl\/index.php\/modele-iphone\/","og_site_name":"Serwis i naprawa iPhone, iPad, iPod, Macbook","article_modified_time":"2021-01-11T16:15:53+00:00","twitter_card":"summary_large_image","twitter_misc":{"Szacowany czas czytania":"2 minuty"},"schema":{"@context":"https:\/\/schema.org","@graph":[{"@type":"WebPage","@id":"https:\/\/naprawaiphone.pl\/index.php\/modele-iphone\/","url":"https:\/\/naprawaiphone.pl\/index.php\/modele-iphone\/","name":"modele iphone - Serwis i naprawa iPhone, iPad, iPod, Macbook","isPartOf":{"@id":"https:\/\/naprawaiphone.pl\/#website"},"datePublished":"2021-01-10T21:58:47+00:00","dateModified":"2021-01-11T16:15:53+00:00","breadcrumb":{"@id":"https:\/\/naprawaiphone.pl\/index.php\/modele-iphone\/#breadcrumb"},"inLanguage":"pl-PL","potentialAction":[{"@type":"ReadAction","target":["https:\/\/naprawaiphone.pl\/index.php\/modele-iphone\/"]}]},{"@type":"BreadcrumbList","@id":"https:\/\/naprawaiphone.pl\/index.php\/modele-iphone\/#breadcrumb","itemListElement":[{"@type":"ListItem","position":1,"name":"Strona g\u0142\u00f3wna","item":"https:\/\/naprawaiphone.pl\/"},{"@type":"ListItem","position":2,"name":"modele iphone"}]},{"@type":"WebSite","@id":"https:\/\/naprawaiphone.pl\/#website","url":"https:\/\/naprawaiphone.pl\/","name":"Serwis i naprawa iPhone, iPad, iPod, Macbook","description":"Profesjonalny serwis urz\u0105dze\u0144 Apple iPhone, iPad, iPod, Macbook. Odwied\u017a nas w Warszawie i skorzystaj z naprawy od r\u0119ki.","publisher":{"@id":"https:\/\/naprawaiphone.pl\/#organization"},"potentialAction":[{"@type":"SearchAction","target":{"@type":"EntryPoint","urlTemplate":"https:\/\/naprawaiphone.pl\/?s={search_term_string}"},"query-input":"required name=search_term_string"}],"inLanguage":"pl-PL"},{"@type":"Organization","@id":"https:\/\/naprawaiphone.pl\/#organization","name":"Centrum Urz\u0105dze\u0144 Mobilnych","url":"https:\/\/naprawaiphone.pl\/","logo":{"@type":"ImageObject","inLanguage":"pl-PL","@id":"https:\/\/naprawaiphone.pl\/#\/schema\/logo\/image\/","url":"https:\/\/naprawaiphone.pl\/wp-content\/uploads\/2020\/10\/Logo_Slawek_duze-removebg-preview.png","contentUrl":"https:\/\/naprawaiphone.pl\/wp-content\/uploads\/2020\/10\/Logo_Slawek_duze-removebg-preview.png","width":495,"height":504,"caption":"Centrum Urz\u0105dze\u0144 Mobilnych"},"image":{"@id":"https:\/\/naprawaiphone.pl\/#\/schema\/logo\/image\/"}}]}},"_links":{"self":[{"href":"https:\/\/naprawaiphone.pl\/index.php\/wp-json\/wp\/v2\/pages\/2496"}],"collection":[{"href":"https:\/\/naprawaiphone.pl\/index.php\/wp-json\/wp\/v2\/pages"}],"about":[{"href":"https:\/\/naprawaiphone.pl\/index.php\/wp-json\/wp\/v2\/types\/page"}],"author":[{"embeddable":true,"href":"https:\/\/naprawaiphone.pl\/index.php\/wp-json\/wp\/v2\/users\/1"}],"replies":[{"embeddable":true,"href":"https:\/\/naprawaiphone.pl\/index.php\/wp-json\/wp\/v2\/comments?post=2496"}],"version-history":[{"count":39,"href":"https:\/\/naprawaiphone.pl\/index.php\/wp-json\/wp\/v2\/pages\/2496\/revisions"}],"predecessor-version":[{"id":2558,"href":"https:\/\/naprawaiphone.pl\/index.php\/wp-json\/wp\/v2\/pages\/2496\/revisions\/2558"}],"wp:attachment":[{"href":"https:\/\/naprawaiphone.pl\/index.php\/wp-json\/wp\/v2\/media?parent=2496"}],"curies":[{"name":"wp","href":"https:\/\/api.w.org\/{rel}","templated":true}]}}